{"id":114,"date":"2019-11-28T11:42:26","date_gmt":"2019-11-28T10:42:26","guid":{"rendered":"http:\/\/aigles-saintebaume.fr\/index.html\/?page_id=114"},"modified":"2020-10-07T10:59:52","modified_gmt":"2020-10-07T08:59:52","slug":"a-proximite","status":"publish","type":"page","link":"https:\/\/aigles-saintebaume.fr\/index.html\/a-proximite\/","title":{"rendered":"\u00c0 proximit\u00e9"},"content":{"rendered":"\n\t\t\t\t<img decoding=\"async\" loading=\"lazy\" src=\"https:\/\/aigles-saintebaume.fr\/index.html\/wp-content\/uploads\/2019\/12\/okcorral-1-scaled.jpg\" alt=\"okcorral\" itemprop=\"image\" height=\"1440\" width=\"2560\" title=\"okcorral\" onerror=\"this.style.display='none'\"  \/>\n\t<h3>Parc D&#8217;attractions<br \/>\nOK CORRAL<\/h3>\n\t<h4><em>Partez \u00e0 la conqu\u00eate du plus grand parc d\u2019attractions du sud\u00a0!<\/em><\/h4>\n\t<p>Plus de 35 attractions pour petits et grands et 5 spectacles diff\u00e9rents par jour vous attendent \u00e0 quelques minutes de la fauconnerie.<\/p>\n<p>Offrez-vous, en famille ou entre amis, un moment fantastique \u00e0 la d\u00e9couverte de l\u2019univers western.<\/p>\n\t      <button onclick=\"window.location.href = 'http:\/\/www.okcorral.fr\/cms\/1\/ok-corral-le-plus-grand-parc-d-attractions-du-sud-de-la-france.dhtml';\">En savoir plus<\/button>\n\t<hr \/>\n\n\t<h3>Camping<br \/>\nLE MONDE DES TIPIS<\/h3>\n\t<h4><em>Entrez dans la peau d\u2019un Cowboy ou d\u2019un indien d\u2019Am\u00e9rique en prolongeant votre s\u00e9jour\u00a0!<\/em><\/h4>\n\t\u00c0 quelques minutes de la fauconnerie \u00e9galement, Le Monde des Tipis vous propose pas moins de 5 logements diff\u00e9rents pour vous satisfaire.<br \/>\nOn y trouve\u00a0: tipis, chuckwaggons, \u00a0chalets, lodges et villas tous d\u00e9cor\u00e9s et pens\u00e9s dans l\u2019esprit du farwest.\n<p>N\u2019h\u00e9sitez plus et tentez l\u2019aventure\u00a0!<\/p>\n\t      <button onclick=\"window.location.href = 'https:\/\/thelisresa.webcamp.fr\/?camping=okcorral&#038;sites[]=1601&#038;lang=fr&#038;PHPSESSID=o5bobdag1mu0jdio270urfp3bv';\">En savoir plus<\/button>\n\t\t\t\t<img decoding=\"async\" loading=\"lazy\" src=\"https:\/\/aigles-saintebaume.fr\/index.html\/wp-content\/uploads\/2019\/12\/mondedestipis-1-scaled.jpg\" alt=\"mondedestipis\" itemprop=\"image\" height=\"1440\" width=\"2560\" title=\"mondedestipis\" onerror=\"this.style.display='none'\"  \/>\n\t<hr \/>\n<p>&nbsp;<\/p>\n\t\t\t\t<img decoding=\"async\" loading=\"lazy\" src=\"https:\/\/aigles-saintebaume.fr\/index.html\/wp-content\/uploads\/2019\/12\/sainte-baume.jpg\" alt=\"sainte-baume\" itemprop=\"image\" height=\"600\" width=\"903\" title=\"sainte-baume\" onerror=\"this.style.display='none'\"  \/>\n\t<h3>Parc Naturel R\u00e9gional de la Sainte Baume<\/h3>\n\t<h4><em>Visiteur, touriste ou habitant, plongez au coeur du massif !<\/em><\/h4>\n\t<p>S&#8217;il existe un paradis de la randonn\u00e9e, le massif de la Sainte Baume est celui-ci.\u00a0R\u00e9put\u00e9e et prot\u00e9g\u00e9e depuis plusieurs si\u00e8cles, la for\u00eat de la Sainte Baume est exceptionnelle par la vari\u00e9t\u00e9 et la qualit\u00e9 des esp\u00e8ces.<\/p>\n<p>L\u2019aventure dans le territoire du Parc naturel r\u00e9gional de la Sainte-Baume pour d\u00e9couvrir les secrets du patrimoine naturel et culturel du massif et de ses environs pourrait commencer ici.<\/p>\n\t      <button onclick=\"window.location.href = 'http:\/\/www.pnr-saintebaume.fr';\">En savoir plus<\/button>\n\t<a href=\"https:\/\/aigles-saintebaume.fr\/index.html\/mentions-legales\/\">Mentions L\u00e9gales<\/a><br \/>\n\n","protected":false},"excerpt":{"rendered":"<p>Parc D&#8217;attractions OK CORRAL Partez \u00e0 la conqu\u00eate du plus grand parc d\u2019attractions du sud\u00a0! Plus de 35 attractions pour petits et grands et 5 spectacles diff\u00e9rents par jour vous&hellip; <br \/> <a class=\"button small blue\" href=\"https:\/\/aigles-saintebaume.fr\/index.html\/a-proximite\/\">Lire la suite<\/a><\/p>\n","protected":false},"author":1,"featured_media":0,"parent":0,"menu_order":0,"comment_status":"closed","ping_status":"closed","template":"","meta":[],"_links":{"self":[{"href":"https:\/\/aigles-saintebaume.fr\/index.html\/wp-json\/wp\/v2\/pages\/114"}],"collection":[{"href":"https:\/\/aigles-saintebaume.fr\/index.html\/wp-json\/wp\/v2\/pages"}],"about":[{"href":"https:\/\/aigles-saintebaume.fr\/index.html\/wp-json\/wp\/v2\/types\/page"}],"author":[{"embeddable":true,"href":"https:\/\/aigles-saintebaume.fr\/index.html\/wp-json\/wp\/v2\/users\/1"}],"replies":[{"embeddable":true,"href":"https:\/\/aigles-saintebaume.fr\/index.html\/wp-json\/wp\/v2\/comments?post=114"}],"version-history":[{"count":14,"href":"https:\/\/aigles-saintebaume.fr\/index.html\/wp-json\/wp\/v2\/pages\/114\/revisions"}],"predecessor-version":[{"id":418,"href":"https:\/\/aigles-saintebaume.fr\/index.html\/wp-json\/wp\/v2\/pages\/114\/revisions\/418"}],"wp:attachment":[{"href":"https:\/\/aigles-saintebaume.fr\/index.html\/wp-json\/wp\/v2\/media?parent=114"}],"curies":[{"name":"wp","href":"https:\/\/api.w.org\/{rel}","templated":true}]}}