{"id":120,"date":"2019-11-28T13:15:44","date_gmt":"2019-11-28T12:15:44","guid":{"rendered":"http:\/\/aigles-saintebaume.fr\/index.html\/?page_id=120"},"modified":"2023-01-23T11:24:22","modified_gmt":"2023-01-23T10:24:22","slug":"groupes","status":"publish","type":"page","link":"https:\/\/aigles-saintebaume.fr\/index.html\/groupes\/","title":{"rendered":"Groupes"},"content":{"rendered":"\n\t<h3>Des ateliers p\u00e9dagogiques sur la morphologie, l&#8217;alimentation, la reproductions des rapaces&#8230; \u00a0Ou encore des jeux de pistes, des spectacles p\u00e9dagogiques et autres activit\u00e9s toutes en rapport avec le monde des rapaces.<br \/>\nDu CP au coll\u00e8ge, la \u00a0Fauconnerie se consacre \u00e0 tout apprendre aux \u00e9l\u00e8ves sur nos oiseaux.<\/h3>\n\t<h3>Pour les\u00a0tarifications et r\u00e9servations contactez-nous :<\/h3>\n<h3>contact@aigles-saintebaume.fr<\/h3>\n\t\t\t\t<img decoding=\"async\" loading=\"lazy\" src=\"https:\/\/aigles-saintebaume.fr\/index.html\/wp-content\/uploads\/2020\/08\/IMG_1098-1-683x1024.jpg\" alt=\"IMG_1098-1\" itemprop=\"image\" height=\"1024\" width=\"683\" title=\"IMG_1098-1\" onerror=\"this.style.display='none'\"  \/>\n\t<h2>Journ\u00e9e Type (sorties scolaires)<\/h2>\n<hr \/>\n<h2><\/h2>\n\t<h5>Journ\u00e9e 1<\/h5>\n\t<h6>Atelier<br \/>\n&#8220;Les aigles de la Sainte Baume&#8221;<\/h6>\n\t<h5><strong><u>Objectifs<\/u><\/strong><\/h5>\n<p>-Faire connaissance avec les rapaces, comprendre leurs sp\u00e9cificit\u00e9s.<\/p>\n<p>-Pr\u00e9senter la volerie et son r\u00f4le.<\/p>\n<p>-D\u00e9couvrir le m\u00e9tier de fauconnier<\/p>\n<p>&nbsp;<\/p>\n<p><u>Organisation<\/u><\/p>\n<p>2 intervenants par classe pour les ateliers<\/p>\n<p>4 intervenants pour les d\u00e9monstrations de vol<\/p>\n<p>&nbsp;<\/p>\nHoraires journ\u00e9e type\u00a0:<br \/>\n10\/12h\u00a0: activit\u00e9s en ateliers\u00a0(adapt\u00e9es \u00e0 vos besoins)\n<p>12\/13h\u00a0: pause d\u00e9jeuner<\/p>\n<p>13\/15h\u00a0: activit\u00e9s en ateliers + spectacle<\/p>\n\t<ul>\n<li>Accueil<\/li>\n<\/ul>\n<p>Pr\u00e9sentation des intervenants, des consignes de s\u00e9curit\u00e9, des diff\u00e9rentes zones du site et des voli\u00e8res<\/p>\n<ul>\n<li>Atelier sur les sp\u00e9cificit\u00e9s des rapaces (1\/2 groupe)<\/li>\n<\/ul>\n<p>Morphologie des rapaces (bec, pattes, vue\u2026) avec pr\u00e9sentation au poing<\/p>\n<ul>\n<li>Atelier Alimentation et reproduction (1\/2 groupe)<\/li>\n<\/ul>\n<p>R\u00e9gimes alimentaires\/ Oviparit\u00e9 \/ Croissance<\/p>\n<ul>\n<li>Atelier sur la fauconnerie (1\/2 groupe<em>)<\/em><\/li>\n<\/ul>\n<p>Sp\u00e9cificit\u00e9s des rapaces\/Historique de la fauconnerie \/mat\u00e9riel utilis\u00e9<\/p>\n<ul>\n<li>D\u00e9monstration de vol<\/li>\n<\/ul>\n<p>Spectacle anim\u00e9 avec vol de diff\u00e9rentes esp\u00e8ces selon leurs techniques de chasse<\/p>\n<ul>\n<li>Rencontre avec les fauconniers et les rapaces<\/li>\n<\/ul>\n<p>R\u00e9ponses aux questions \/photos<\/p>\n\t<h5>Journ\u00e9e 2<\/h5>\n\t<h6>Atelier<br \/>\n&#8220;Rapaces, des oiseaux fascinants&#8221;<\/h6>\n\t<h5><strong><u>Objectifs<\/u><\/strong><\/h5>\n<p>&#8211; Observer les rapaces, comprendre leurs sp\u00e9cificit\u00e9s.<\/p>\n<p>&#8211; Identifier les besoins alimentaires et la fonction de reproduction.<\/p>\n<p>&#8211; D\u00e9velopper une sensibilit\u00e9 envers des esp\u00e8ces prot\u00e9g\u00e9es.<\/p>\n<p>&nbsp;<\/p>\n<p><u>Organisation<\/u><\/p>\n<p>2 intervenants par classe pour les ateliers<\/p>\n<p>4 intervenants pour les d\u00e9monstrations de vol<\/p>\n<p>&nbsp;<\/p>\nHoraires journ\u00e9e type\u00a0:<br \/>\n10\/12h\u00a0: activit\u00e9s en ateliers\u00a0(adapt\u00e9es \u00e0 vos besoins)\n<p>12\/13h\u00a0: pause d\u00e9jeuner<\/p>\n<p>13\/15h\u00a0: activit\u00e9s en ateliers + spectacle<\/p>\n\t<ul>\n<li>Accueil<\/li>\n<\/ul>\n<p>Pr\u00e9sentation des intervenants, des consignes de s\u00e9curit\u00e9, des diff\u00e9rentes zones du site et des voli\u00e8res<\/p>\n<ul>\n<li>Atelier sur le d\u00e9veloppement et la reproduction des rapaces (1\/2 groupe)<\/li>\n<\/ul>\n<p>Oviparit\u00e9\u00a0\/Nidification\/ De l\u2019\u00e9closion \u00e0 l\u2019envol<\/p>\n<ul>\n<li>Atelier sur les relations et les r\u00e9gimes alimentaires (1\/2 groupe)<\/li>\n<\/ul>\n<p>Alimentation et mode de vie en milieu naturel \/ en captivit\u00e9<\/p>\n<ul>\n<li>Atelier \u2013 d\u00e9bat \u00ab\u00a0menaces sur les rapaces\u00a0\u00bb<\/li>\n<\/ul>\n<p>R\u00e9flexion sur ce qui peut menacer ces oiseaux au quotidien et recherche de solutions<\/p>\n<ul>\n<li>Balade au rythme des oiseaux <strong>OU<\/strong> D\u00e9monstration de vol<\/li>\n<\/ul>\n<p>Promenade dans la garrigue en compagnie de rapaces en vol libre men\u00e9e par les fauconniers <strong>OU\u00a0<\/strong>Spectacle anim\u00e9 avec vol de diff\u00e9rentes esp\u00e8ces selon leurs techniques de chasse<\/p>\n<ul>\n<li>Rencontre avec les fauconniers et les rapaces<\/li>\n<\/ul>\n<p>R\u00e9ponses aux questions \/photos<\/p>\n\t<h5>Journ\u00e9e 3<\/h5>\n\t<h6>Atelier<br \/>\n&#8220;Immersion dans le m\u00e9tier de fauconnier&#8221;<\/h6>\n\t<h5><strong><u>Objectifs<\/u><\/strong><\/h5>\n<p>&#8211; D\u00e9couvrir le m\u00e9tier et le r\u00f4le du fauconnier<\/p>\n<p>&#8211; Comprendre les objectifs de la volerie<\/p>\n<p>&#8211; S\u2019immerger dans le quotidien du fauconnier<\/p>\n<p>&nbsp;<\/p>\n<p><u>Organisation<\/u><\/p>\n<p>2 intervenants par classe pour les ateliers<\/p>\n<p>4 intervenants pour les d\u00e9monstrations de vol<\/p>\n<p>&nbsp;<\/p>\nHoraires journ\u00e9e type\u00a0:<br \/>\n10\/12h\u00a0: activit\u00e9s en ateliers\u00a0(adapt\u00e9es \u00e0 vos besoins)\n<p>12\/13h\u00a0: pause d\u00e9jeuner<\/p>\n<p>13\/15h\u00a0: activit\u00e9s en ateliers + spectacle<\/p>\n\t<ul>\n<li>\u00a0Accueil<\/li>\n<\/ul>\n<p>Pr\u00e9sentation des intervenants, des consignes de s\u00e9curit\u00e9, des diff\u00e9rentes zones du site et des voli\u00e8res<\/p>\n<ul>\n<li>Atelier sur la fauconnerie (1\/2 groupe<em>)<\/em><\/li>\n<\/ul>\n<p>Sp\u00e9cificit\u00e9s des rapaces\/Historique de la fauconnerie \/mat\u00e9riel utilis\u00e9<\/p>\n<ul>\n<li>Atelier sur le m\u00e9tier de fauconnier (1\/2 groupe)<\/li>\n<\/ul>\n<p>R\u00f4le au quotidien (soins et nourrissage) \/ Visite des coulisses de la volerie<\/p>\n<ul>\n<li>Balade au rythme des oiseaux <strong>OU<\/strong> D\u00e9monstration de vol<\/li>\n<\/ul>\n<p>Promenade dans la garrigue en compagnie de rapaces en vol libre men\u00e9e par les fauconniers <strong>OU\u00a0<\/strong>Spectacle anim\u00e9 avec vol de diff\u00e9rentes esp\u00e8ces selon leurs techniques de chasse<\/p>\n<ul>\n<li>Rencontre avec les fauconniers et les rapaces<\/li>\n<\/ul>\n<p>R\u00e9ponses aux questions \/photos<\/p>\n\t<p><strong><em>Des jeux en autonomie, des activit\u00e9s manuelles, des temps d\u2019animations collectifs sont \u00e9galement pr\u00e9vus, en fonction de l\u2019\u00e2ge et du temps pass\u00e9 sur le site.<\/em><\/strong><\/p>\n<p><strong><em>Ne pas h\u00e9siter \u00e0 nous communiquer vos id\u00e9es et vos envies pour am\u00e9liorer votre journ\u00e9e.<\/em><\/strong><\/p>\n\t<h4><strong><em>Pr\u00e9voir des chaussures ferm\u00e9es, une casquette et de l\u2019eau.<\/em><\/strong><\/h4>\n\t<hr \/>\n<p>&nbsp;<\/p>\n\t<hr \/>\n<p>&nbsp;<\/p>\n\t<hr \/>\n<p>&nbsp;<\/p>\n\n\t<a href=\"https:\/\/aigles-saintebaume.fr\/index.html\/mentions-legales\/\">Mentions L\u00e9gales<\/a><br \/>\n\n","protected":false},"excerpt":{"rendered":"<p>Des ateliers p\u00e9dagogiques sur la morphologie, l&#8217;alimentation, la reproductions des rapaces&#8230; \u00a0Ou encore des jeux de pistes, des spectacles p\u00e9dagogiques et autres activit\u00e9s toutes en rapport avec le monde des&hellip; <br \/> <a class=\"button small blue\" href=\"https:\/\/aigles-saintebaume.fr\/index.html\/groupes\/\">Lire la suite<\/a><\/p>\n","protected":false},"author":1,"featured_media":0,"parent":0,"menu_order":0,"comment_status":"closed","ping_status":"closed","template":"","meta":[],"_links":{"self":[{"href":"https:\/\/aigles-saintebaume.fr\/index.html\/wp-json\/wp\/v2\/pages\/120"}],"collection":[{"href":"https:\/\/aigles-saintebaume.fr\/index.html\/wp-json\/wp\/v2\/pages"}],"about":[{"href":"https:\/\/aigles-saintebaume.fr\/index.html\/wp-json\/wp\/v2\/types\/page"}],"author":[{"embeddable":true,"href":"https:\/\/aigles-saintebaume.fr\/index.html\/wp-json\/wp\/v2\/users\/1"}],"replies":[{"embeddable":true,"href":"https:\/\/aigles-saintebaume.fr\/index.html\/wp-json\/wp\/v2\/comments?post=120"}],"version-history":[{"count":18,"href":"https:\/\/aigles-saintebaume.fr\/index.html\/wp-json\/wp\/v2\/pages\/120\/revisions"}],"predecessor-version":[{"id":440,"href":"https:\/\/aigles-saintebaume.fr\/index.html\/wp-json\/wp\/v2\/pages\/120\/revisions\/440"}],"wp:attachment":[{"href":"https:\/\/aigles-saintebaume.fr\/index.html\/wp-json\/wp\/v2\/media?parent=120"}],"curies":[{"name":"wp","href":"https:\/\/api.w.org\/{rel}","templated":true}]}}