{"id":375,"date":"2020-08-26T14:31:55","date_gmt":"2020-08-26T12:31:55","guid":{"rendered":"http:\/\/aigles-saintebaume.fr\/index.html\/?page_id=375"},"modified":"2026-01-23T12:28:20","modified_gmt":"2026-01-23T11:28:20","slug":"tarifs","status":"publish","type":"page","link":"https:\/\/aigles-saintebaume.fr\/index.html\/tarifs\/","title":{"rendered":"Tarifs"},"content":{"rendered":"\n\t<br\/>\n<br\/>\n<br\/>\n\t<h3><strong>12\u20ac70 par personne<\/strong><\/h3>\n<p>&nbsp;<\/p>\n<h3>Gratuit pour les moins de 5 ans<br \/>\n(sur pr\u00e9sentation d&#8217;un justificatif)<\/h3>\n\t<br\/>\n<br\/>\n\t<h3><strong>Groupes<\/strong><\/h3>\n<h3>Tarification et r\u00e9servation sur demande<br \/>\ncontact@aigles-saintebaume.fr<\/h3>\n\t\t\t\t<img decoding=\"async\" src=\"https:\/\/aigles-saintebaume.fr\/index.html\/wp-content\/uploads\/2020\/08\/IMG_5321-scaled.jpg\" alt=\"IMG_5321\" itemprop=\"image\" title=\"IMG_5321\" onerror=\"this.style.display='none'\"  \/>\n\t<a href=\"https:\/\/aigles-saintebaume.fr\/index.html\/mentions-legales\/\">Mentions L\u00e9gales<\/a><br \/>\n\n","protected":false},"excerpt":{"rendered":"<p>12\u20ac70 par personne &nbsp; Gratuit pour les moins de 5 ans (sur pr\u00e9sentation d&#8217;un justificatif) Groupes Tarification et r\u00e9servation sur demande contact@aigles-saintebaume.fr Mentions L\u00e9gales<\/p>\n","protected":false},"author":1,"featured_media":0,"parent":0,"menu_order":0,"comment_status":"closed","ping_status":"closed","template":"","meta":[],"_links":{"self":[{"href":"https:\/\/aigles-saintebaume.fr\/index.html\/wp-json\/wp\/v2\/pages\/375"}],"collection":[{"href":"https:\/\/aigles-saintebaume.fr\/index.html\/wp-json\/wp\/v2\/pages"}],"about":[{"href":"https:\/\/aigles-saintebaume.fr\/index.html\/wp-json\/wp\/v2\/types\/page"}],"author":[{"embeddable":true,"href":"https:\/\/aigles-saintebaume.fr\/index.html\/wp-json\/wp\/v2\/users\/1"}],"replies":[{"embeddable":true,"href":"https:\/\/aigles-saintebaume.fr\/index.html\/wp-json\/wp\/v2\/comments?post=375"}],"version-history":[{"count":6,"href":"https:\/\/aigles-saintebaume.fr\/index.html\/wp-json\/wp\/v2\/pages\/375\/revisions"}],"predecessor-version":[{"id":543,"href":"https:\/\/aigles-saintebaume.fr\/index.html\/wp-json\/wp\/v2\/pages\/375\/revisions\/543"}],"wp:attachment":[{"href":"https:\/\/aigles-saintebaume.fr\/index.html\/wp-json\/wp\/v2\/media?parent=375"}],"curies":[{"name":"wp","href":"https:\/\/api.w.org\/{rel}","templated":true}]}}