{"id":386,"date":"2020-08-31T16:11:17","date_gmt":"2020-08-31T14:11:17","guid":{"rendered":"http:\/\/aigles-saintebaume.fr\/index.html\/?page_id=386"},"modified":"2026-01-23T12:27:57","modified_gmt":"2026-01-23T11:27:57","slug":"initiation","status":"publish","type":"page","link":"https:\/\/aigles-saintebaume.fr\/index.html\/initiation\/","title":{"rendered":"Initiation"},"content":{"rendered":"\n\t\t\t\t<img decoding=\"async\" loading=\"lazy\" src=\"https:\/\/aigles-saintebaume.fr\/index.html\/wp-content\/uploads\/2024\/10\/TitietBold.jpg\" alt=\"TitietBold\" itemprop=\"image\" height=\"2016\" width=\"954\" title=\"TitietBold\" onerror=\"this.style.display='none'\"  \/>\n\t<h1>Bapt\u00eame de fauconnerie<\/h1>\n<p><strong>Tous les week-ends de 10h \u00e0 13h sur r\u00e9servation.<\/strong><\/p>\n<h3><strong>\u00c0 partir de 10 ans,<\/strong>\u00a0<b>jusqu&#8217;\u00e0 6 participants.<\/b><\/h3>\nPlongez dans le monde des rapaces et partagez le temps d&#8217;une matin\u00e9e la passion de nos fauconniers.<br \/>\n\n<h5><u>Objectifs<\/u><\/h5>\n<h5><\/h5>\n<h5>&#8211; D\u00e9couvrir le m\u00e9tier et le r\u00f4le du fauconnier.<\/h5>\n<h5>&#8211; Rencontrer les oiseaux.<\/h5>\n<h5>&#8211; Comprendre comment manipuler les rapaces.<\/h5>\n<h5><\/h5>\n<h5><u>Organisation<\/u><\/h5>\n<h5><\/h5>\n<h5>2 intervenants \/ maximum 6 personnes (entre 10 et 16 ans, l&#8217;enfant doit obligatoirement \u00eatre accompagn\u00e9 d&#8217;un adulte )<\/h5>\n<h5><\/h5>\n<h5><u>Temps de la s\u00e9ance\u00a0: <\/u>\u00a03 heures<\/h5>\n<p><strong>Tarif de la prestation : 90\u20ac\/personne<\/strong><\/p>\n\t<h6><u>Programme:\u00a0<\/u><\/h6>\n<ul>\n<li>\n<h6>Accueil autour d\u2019une boisson<\/h6>\n<\/li>\n<li>\n<h6>Atelier sur les bases fondamentales de la fauconnerie<\/h6>\n<\/li>\n<\/ul>\n<h6>Esp\u00e8ces pr\u00e9sentes sur la volerie<\/h6>\n<h6>Historique et mat\u00e9riel de fauconnerie<\/h6>\n<h6>Etapes de l\u2019affaitage<\/h6>\n<ul>\n<li>\n<h6>Atelier de pr\u00e9paration avant l\u2019envol<\/h6>\n<\/li>\n<\/ul>\n<h6>Pr\u00e9paration de la nourriture<\/h6>\n<h6>Pes\u00e9e<\/h6>\n<h6>Initiation au rappel des oiseaux<\/h6>\n<ul>\n<li>\n<h6>Balade au rythme des oiseaux<\/h6>\n<\/li>\n<\/ul>\n<h6>Promenade dans la garrigue en compagnie de rapaces en vol libre<\/h6>\n<h6>R\u00e9ponses aux questions \/photos<\/h6>\n<h6>Nourrissage des oiseaux (selon les besoins)<\/h6>\n\t<br\/>\n\t<h4>Anniversaires, team-building, mariages, stages adultes, etc&#8230; Pour toute demande particuli\u00e8re contactez-nous :\u00a0<\/h4>\n\t<h3>contact@aigles-saintebaume.fr<\/h3>\n\t\t\t\t<img decoding=\"async\" src=\"https:\/\/aigles-saintebaume.fr\/index.html\/wp-content\/uploads\/2020\/10\/IMG_5347-scaled.jpg\" alt=\"IMG_5347\" itemprop=\"image\" title=\"IMG_5347\" onerror=\"this.style.display='none'\"  \/>\n\t<a href=\"https:\/\/aigles-saintebaume.fr\/index.html\/mentions-legales\/\">Mentions L\u00e9gales<\/a><br \/>\n\n","protected":false},"excerpt":{"rendered":"<p>Bapt\u00eame de fauconnerie Tous les week-ends de 10h \u00e0 13h sur r\u00e9servation. \u00c0 partir de 10 ans,\u00a0jusqu&#8217;\u00e0 6 participants. Plongez dans le monde des rapaces et partagez le temps d&#8217;une&hellip; <br \/> <a class=\"button small blue\" href=\"https:\/\/aigles-saintebaume.fr\/index.html\/initiation\/\">Lire la suite<\/a><\/p>\n","protected":false},"author":1,"featured_media":0,"parent":0,"menu_order":0,"comment_status":"closed","ping_status":"closed","template":"","meta":[],"_links":{"self":[{"href":"https:\/\/aigles-saintebaume.fr\/index.html\/wp-json\/wp\/v2\/pages\/386"}],"collection":[{"href":"https:\/\/aigles-saintebaume.fr\/index.html\/wp-json\/wp\/v2\/pages"}],"about":[{"href":"https:\/\/aigles-saintebaume.fr\/index.html\/wp-json\/wp\/v2\/types\/page"}],"author":[{"embeddable":true,"href":"https:\/\/aigles-saintebaume.fr\/index.html\/wp-json\/wp\/v2\/users\/1"}],"replies":[{"embeddable":true,"href":"https:\/\/aigles-saintebaume.fr\/index.html\/wp-json\/wp\/v2\/comments?post=386"}],"version-history":[{"count":18,"href":"https:\/\/aigles-saintebaume.fr\/index.html\/wp-json\/wp\/v2\/pages\/386\/revisions"}],"predecessor-version":[{"id":542,"href":"https:\/\/aigles-saintebaume.fr\/index.html\/wp-json\/wp\/v2\/pages\/386\/revisions\/542"}],"wp:attachment":[{"href":"https:\/\/aigles-saintebaume.fr\/index.html\/wp-json\/wp\/v2\/media?parent=386"}],"curies":[{"name":"wp","href":"https:\/\/api.w.org\/{rel}","templated":true}]}}