{"id":59,"date":"2019-11-13T13:35:32","date_gmt":"2019-11-13T12:35:32","guid":{"rendered":"http:\/\/aigles-saintebaume.fr\/index.html\/?page_id=59"},"modified":"2026-04-29T11:32:33","modified_gmt":"2026-04-29T09:32:33","slug":"bienvenue","status":"publish","type":"page","link":"https:\/\/aigles-saintebaume.fr\/index.html\/","title":{"rendered":"Bienvenue"},"content":{"rendered":"\t\t<div data-elementor-type=\"wp-page\" data-elementor-id=\"59\" class=\"elementor elementor-59\" data-elementor-settings=\"[]\">\n\t\t\t<div class=\"elementor-inner\">\n\t\t\t\t<div class=\"elementor-section-wrap\">\n\t\t\t\t\t\t\t<section class=\"elementor-element elementor-element-2655cd7c elementor-section-boxed elementor-section-height-default elementor-section-height-default elementor-section elementor-top-section\" data-id=\"2655cd7c\" data-element_type=\"section\">\n\t\t\t\t\t\t<div class=\"elementor-container elementor-column-gap-default\">\n\t\t\t\t<div class=\"elementor-row\">\n\t\t\t\t<div class=\"elementor-element elementor-element-61ccbcf9 elementor-column elementor-col-100 elementor-top-column\" data-id=\"61ccbcf9\" data-element_type=\"column\">\n\t\t\t<div class=\"elementor-column-wrap  elementor-element-populated\">\n\t\t\t\t\t<div class=\"elementor-widget-wrap\">\n\t\t\t\t<div class=\"elementor-element elementor-element-cb4470 elementor-widget elementor-widget-text-editor\" data-id=\"cb4470\" data-element_type=\"widget\" data-widget_type=\"text-editor.default\">\n\t\t\t\t<div class=\"elementor-widget-container\">\n\t\t\t\t\t<div class=\"elementor-text-editor elementor-clearfix\"><!-- wp:fl-builder\/layout -->\n<h1>La Fauconnerie<\/h1>\n\t\t\t\t<img decoding=\"async\" loading=\"lazy\" src=\"https:\/\/aigles-saintebaume.fr\/index.html\/wp-content\/uploads\/2019\/11\/IMG_1633-scaled.jpg\" alt=\"IMG_1633\" itemprop=\"image\" height=\"1707\" width=\"2560\" title=\"IMG_1633\" onerror=\"this.style.display='none'\">\n\t<h3>Pr\u00e9sentation<\/h3>\n\t<hr>\nLa fauconnerie a pour objectif l&#8217;\u00e9levage des rapaces, la reproduction d&#8217;esp\u00e8ces prot\u00e9g\u00e9es et de permettre la pr\u00e9sentation des rapaces au public en voli\u00e8res ou sous forme de spectacle p\u00e9dagogique.<br>\nL&#8217;installation cible particuli\u00e8rement le jeune public, scolaire ou p\u00e9riscolaire, afin de d\u00e9velopper chez eux un int\u00e9r\u00eat pour le milieu naturel, une meilleure connaissance des \u00e9cosyst\u00e8mes qui les entourent et une sensibilisation particuli\u00e8re aux esp\u00e8ces menac\u00e9es.\n<p>L&#8217;agilit\u00e9, la beaut\u00e9 et la diversit\u00e9 des rapaces fascinent. Ils peuvent ainsi devenir le point d&#8217;entr\u00e9e de nombreuses th\u00e9matiques pour le plus grand nombre.<\/p>\n\t<h3>Le Site<\/h3>\n\t<p>&nbsp;<\/p>\n<hr>\n<p>Pour vous accueillir :<\/p>\n<ul>\n<li>Un parking pouvant accueillir v\u00e9hicules et bus, am\u00e9nag\u00e9 pour recevoir les Personnes \u00e0 Mobilit\u00e9 R\u00e9duite.<\/li>\n<li>Une salle d&#8217;accueil multim\u00e9dia contenant environ 80 places assises, \u00e9quip\u00e9e de chauffage \/ climatisation et d&#8217;une kitchenette permettant d&#8217;abriter les groupes en cas de mauvais temps lors de la pause d\u00e9jeuner.<br>\nDans un cadre scolaire, la salle peut accueillir deux classes simultan\u00e9ment et est \u00e9quip\u00e9e de 3 t\u00e9l\u00e9visions ainsi que de mat\u00e9riel adapt\u00e9 \u00e0 tous les \u00e2ges.<\/li>\n<li>Un espace r\u00e9serv\u00e9 aux visiteurs, cl\u00f4tur\u00e9 avec une aire de pique-nique am\u00e9nag\u00e9e et des espaces de libert\u00e9 permettant aux groupes de d\u00e9ambuler en toute s\u00e9curit\u00e9 sur le site.<\/li>\n<li>Un espace sanitaire et un poste de secours sont \u00e9galement accessibles pour tous, y compris les Personnes \u00e0 Mobilit\u00e9 R\u00e9duite<\/li>\n<\/ul>\n\t\t\t\t<img decoding=\"async\" loading=\"lazy\" src=\"https:\/\/aigles-saintebaume.fr\/index.html\/wp-content\/uploads\/2019\/11\/IMG_1635-scaled.jpg\" alt=\"IMG_1635\" itemprop=\"image\" height=\"1707\" width=\"2560\" title=\"IMG_1635\" onerror=\"this.style.display='none'\">\n\t<h2>Nos Esp\u00e8ces<\/h2>\n\t<h4>Pygargue \u00e0 t\u00eate blanche<\/h4>\n<hr>\n<h4><\/h4>\n\t<p>Ment labor moluptat. Ut vel idest lab illo ium volenia mendit quam et es sit occum voloris verit volut mos magnist, int, solum fuga. EdiMent labor moluptat. Ut vel idest lab illo ium volenia mendit quam.<\/p>\n\t\t\t\t<a href=\"https:\/\/aigles-saintebaume.fr\/index.html\/wp-content\/uploads\/2019\/11\/IMG_2235-scaled.jpg\" target=\"_self\" itemprop=\"url\" rel=\"noopener noreferrer\">\n\t\t\t\t<img decoding=\"async\" loading=\"lazy\" src=\"https:\/\/aigles-saintebaume.fr\/index.html\/wp-content\/uploads\/2019\/11\/IMG_2235-1024x683.jpg\" alt=\"IMG_2235\" itemprop=\"image\" height=\"683\" width=\"1024\" title=\"IMG_2235\" onerror=\"this.style.display='none'\">\n\t\t\t\t<\/a>\n\t\t\t\t<a href=\"https:\/\/aigles-saintebaume.fr\/index.html\/wp-content\/uploads\/2019\/11\/IMG_1540-scaled.jpg\" target=\"_self\" itemprop=\"url\" rel=\"noopener noreferrer\">\n\t\t\t\t<img decoding=\"async\" loading=\"lazy\" src=\"https:\/\/aigles-saintebaume.fr\/index.html\/wp-content\/uploads\/2019\/11\/IMG_1540-scaled.jpg\" alt=\"IMG_1540\" itemprop=\"image\" height=\"2560\" width=\"1707\" title=\"IMG_1540\" onerror=\"this.style.display='none'\">\n\t\t\t\t<\/a>\n\t<h4>Grand Duc d&#8217;Europe<\/h4>\n<hr>\n<h4><\/h4>\n\t<p>Ment labor moluptat. Ut vel idest lab illo ium volenia mendit quam et es sit occum voloris verit volut mos magnist, int, solum fuga. EdiMent labor moluptat. Ut vel idest lab illo ium volenia mendit quam.<\/p>\n\t<p>Buse de Harris<\/p>\n<hr>\n<h4><\/h4>\n\t<p>Ment labor moluptat. Ut vel idest lab illo ium volenia mendit quam et es sit occum voloris verit volut mos magnist, int, solum fuga. EdiMent labor moluptat. Ut vel idest lab illo ium volenia mendit quam.<\/p>\n\t\t\t\t<a href=\"https:\/\/aigles-saintebaume.fr\/index.html\/wp-content\/uploads\/2019\/11\/IMG_1734-scaled.jpg\" target=\"_self\" itemprop=\"url\" rel=\"noopener noreferrer\">\n\t\t\t\t<img decoding=\"async\" loading=\"lazy\" src=\"https:\/\/aigles-saintebaume.fr\/index.html\/wp-content\/uploads\/2019\/11\/IMG_1734-683x1024.jpg\" alt=\"IMG_1734\" itemprop=\"image\" height=\"1024\" width=\"683\" title=\"IMG_1734\" onerror=\"this.style.display='none'\">\n\t\t\t\t<\/a>\n\t\t\t\t<a href=\"https:\/\/aigles-saintebaume.fr\/index.html\/wp-content\/uploads\/2019\/11\/IMG_2399-scaled.jpg\" target=\"_self\" itemprop=\"url\" rel=\"noopener noreferrer\">\n\t\t\t\t<img decoding=\"async\" loading=\"lazy\" src=\"https:\/\/aigles-saintebaume.fr\/index.html\/wp-content\/uploads\/2019\/11\/IMG_2399-1024x683.jpg\" alt=\"IMG_2399\" itemprop=\"image\" height=\"683\" width=\"1024\" title=\"IMG_2399\" onerror=\"this.style.display='none'\">\n\t\t\t\t<\/a>\n\t<h4>Buse \u00e0 queue rousse<\/h4>\n<hr>\n<h4><\/h4>\n\t<p>Ment labor moluptat. Ut vel idest lab illo ium volenia mendit quam et es sit occum voloris verit volut mos magnist, int, solum fuga. EdiMent labor moluptat. Ut vel idest lab illo ium volenia mendit quam.<\/p>\n\t<h4>Buse rouilleuse<\/h4>\n<hr>\n<h4><\/h4>\n\t<p>Ment labor moluptat. Ut vel idest lab illo ium volenia mendit quam et es sit occum voloris verit volut mos magnist, int, solum fuga. EdiMent labor moluptat. Ut vel idest lab illo ium volenia mendit quam.<\/p>\n\t\t\t\t<a href=\"https:\/\/aigles-saintebaume.fr\/index.html\/wp-content\/uploads\/2019\/11\/IMG_1669-scaled.jpg\" target=\"_self\" itemprop=\"url\" rel=\"noopener noreferrer\">\n\t\t\t\t<img decoding=\"async\" loading=\"lazy\" src=\"https:\/\/aigles-saintebaume.fr\/index.html\/wp-content\/uploads\/2019\/11\/IMG_1669-683x1024.jpg\" alt=\"IMG_1669\" itemprop=\"image\" height=\"1024\" width=\"683\" title=\"IMG_1669\" onerror=\"this.style.display='none'\">\n\t\t\t\t<\/a>\n\t\t\t\t<a href=\"https:\/\/aigles-saintebaume.fr\/index.html\/wp-content\/uploads\/2019\/11\/IMG_1581-scaled.jpg\" target=\"_self\" itemprop=\"url\" rel=\"noopener noreferrer\">\n\t\t\t\t<img decoding=\"async\" loading=\"lazy\" src=\"https:\/\/aigles-saintebaume.fr\/index.html\/wp-content\/uploads\/2019\/11\/IMG_1581-1024x683.jpg\" alt=\"IMG_1581\" itemprop=\"image\" height=\"683\" width=\"1024\" title=\"IMG_1581\" onerror=\"this.style.display='none'\">\n\t\t\t\t<\/a>\n\t<h4>Caracara<\/h4>\n<hr>\n<h4><\/h4>\n\t<p>Ment labor moluptat. Ut vel idest lab illo ium volenia mendit quam et es sit occum voloris verit volut mos magnist, int, solum fuga. EdiMent labor moluptat. Ut vel idest lab illo ium volenia mendit quam.<\/p>\n\t<h4>Chouette Effraie<\/h4>\n<hr>\n<h4><\/h4>\n\t<p>Ment labor moluptat. Ut vel idest lab illo ium volenia mendit quam et es sit occum voloris verit volut mos magnist, int, solum fuga. EdiMent labor moluptat. Ut vel idest lab illo ium volenia mendit quam.<\/p>\n\t\t\t\t<a href=\"https:\/\/aigles-saintebaume.fr\/index.html\/wp-content\/uploads\/2019\/11\/IMG_2322-scaled.jpg\" target=\"_self\" itemprop=\"url\" rel=\"noopener noreferrer\">\n\t\t\t\t<img decoding=\"async\" loading=\"lazy\" src=\"https:\/\/aigles-saintebaume.fr\/index.html\/wp-content\/uploads\/2019\/11\/IMG_2322-683x1024.jpg\" alt=\"IMG_2322\" itemprop=\"image\" height=\"1024\" width=\"683\" title=\"IMG_2322\" onerror=\"this.style.display='none'\">\n\t\t\t\t<\/a>\n\t<h4>Faucon Cr\u00e9cerelle<\/h4>\n<hr>\n<h4><\/h4>\n\t<p>Ment labor moluptat. Ut vel idest lab illo ium volenia mendit quam et es sit occum voloris verit volut mos magnist, int, solum fuga. EdiMent labor moluptat. Ut vel idest lab illo ium volenia mendit quam.<\/p>\n\t<h4>Faucon Lannier<\/h4>\n<hr>\n<h4><\/h4>\n\t<p>Ment labor moluptat. Ut vel idest lab illo ium volenia mendit quam et es sit occum voloris verit volut mos magnist, int, solum fuga. EdiMent labor moluptat. Ut vel idest lab illo ium volenia mendit quam.<\/p>\n\n\t<h2>Notre \u00e9quipe<\/h2>\n\t\t\t\t<img decoding=\"async\" loading=\"lazy\" src=\"https:\/\/aigles-saintebaume.fr\/index.html\/wp-content\/uploads\/2019\/11\/nimble_asset_about_one.jpg\" alt=\"nimble_asset_about_one\" itemprop=\"image\" height=\"848\" width=\"1200\" title=\"nimble_asset_about_one\" onerror=\"this.style.display='none'\">\n\t<h4>Thierry CAMOSSETO<\/h4>\n<hr>\n<h5>Capacitaire<\/h5>\n\t<em>&#8220;Tout ce qui touche de pr\u00e8s ou de loin \u00e0 la fauconnerie me passionne.&#8221;<br>\n<\/em>\n\tTitulaire d&#8217;un Certificat de capacit\u00e9 d&#8217;\u00e9levage rapace et d&#8217;un Certificat de capacit\u00e9 pr\u00e9sentation publique d&#8217;esp\u00e8ces non domestiques, rapaces, du SSIAP1.<br>\nFormateur agr\u00e9\u00e9.\n\t\t\t\t<img decoding=\"async\" loading=\"lazy\" src=\"https:\/\/aigles-saintebaume.fr\/index.html\/wp-content\/uploads\/2019\/11\/nimble_asset_about_one.jpg\" alt=\"nimble_asset_about_one\" itemprop=\"image\" height=\"848\" width=\"1200\" title=\"nimble_asset_about_one\" onerror=\"this.style.display='none'\">\n\t<h4>Elodie BIELSA<\/h4>\n<hr>\n<h5>Fauconnier<\/h5>\n\t<em>&#8220;La fauconnerie est avant tout un m\u00e9tier de passion.&#8221;<br>\n<\/em>\n\t<p>Auxiliaire de sant\u00e9 animale option animaux sauvages et titulaire d&#8217;une Licence en Biologie-Physiologie.<\/p>\n\t\t\t\t<img decoding=\"async\" loading=\"lazy\" src=\"https:\/\/aigles-saintebaume.fr\/index.html\/wp-content\/uploads\/2019\/11\/nimble_asset_about_one.jpg\" alt=\"nimble_asset_about_one\" itemprop=\"image\" height=\"848\" width=\"1200\" title=\"nimble_asset_about_one\" onerror=\"this.style.display='none'\">\n\t<h4>Lucie VIVANT<\/h4>\n<hr>\n<h5>Fauconnier<\/h5>\n\t<em>&#8220;Ce que je pr\u00e9f\u00e8re dans mon m\u00e9tier c&#8217;est le lien qu&#8217;on a avec les oiseaux et le fait d&#8217;en apprendre tous les jours un peu plus sur eux.&#8221;<br>\n<\/em>\n\tTitulaire d&#8217;un BTS Tourisme et d&#8217;un Certificat de capacit\u00e9 de vente d&#8217;animaux domestiques et non domestiques.<br>\nFormation en soins animaliers\n\t\t\t\t<img decoding=\"async\" loading=\"lazy\" src=\"https:\/\/aigles-saintebaume.fr\/index.html\/wp-content\/uploads\/2019\/11\/nimble_asset_about_one.jpg\" alt=\"nimble_asset_about_one\" itemprop=\"image\" height=\"848\" width=\"1200\" title=\"nimble_asset_about_one\" onerror=\"this.style.display='none'\">\n\t<h4>Sylvain MAZEYRAC<\/h4>\n<hr>\n<h5>Fauconnier<\/h5>\n\t<p><i>&#8220;De la puissance de l&#8217;aigle \u00e0 la discr\u00e9tion du hibou, en passant par la vitesse du faucon ; &nbsp;chaque&nbsp;rapace a sa mani\u00e8re de vivre dans la nature, je me fais une joie de partager ma passion pour ces animaux.&#8221;<\/i><\/p>\n\t<p>Formation en animation (BPJEPS) et en fauconnerie et titulaire du PSC1.<\/p>\n\t<h3>Nos installations<\/h3>\n\t<h5><em>Exposition des rapaces, en voli\u00e8re ou en carri\u00e8re sur perchoir<\/em><\/h5>\n\tLe site est \u00e9quip\u00e9 de 15 voli\u00e8res gr\u00e2ce auxquelles les visiteurs ont la possibilit\u00e9 d&#8217;observer les rapaces en toute libert\u00e9 et en s\u00e9curit\u00e9.<br>\nDevant chacune d&#8217;entre elles est install\u00e9 un panneau p\u00e9dagogique o\u00f9 sont inscrites les caract\u00e9ristiques principales de l&#8217;esp\u00e8ce.\n\t<h5><i>D\u00e9monstration de vols et d&#8217;affaitage (m\u00e9thode de dressage) des rapaces<\/i><\/h5>\n\tR\u00e9alis\u00e9es dans les carri\u00e8res o\u00f9 seront dispos\u00e9s des perchoirs pour les rapaces et des tours d&#8217;envol pour les fauconniers (les 2 aires ne seront pas utilis\u00e9es simultan\u00e9ment).<br>\nL&#8217;aire de vol circulaire \u00e0 l&#8217;entr\u00e9e du site est d\u00e9di\u00e9e aux spectacles.<br>\nElles sont am\u00e9nag\u00e9es de bancs pour pouvoir accueillir le public dans les meilleurs conditions.\n\t<h5><em>Alimentation, soin et reproduction<\/em><\/h5>\n\tLes rapaces sont nourris dans leur voli\u00e8re. Une voli\u00e8re de quarantaine est pr\u00e9vue si une isolation est n\u00e9cessaire, celle-ci est plac\u00e9e \u00e0 l&#8217;\u00e9cart des autres voli\u00e8res et est strictement interdite au public.<br>\nIl y a une voli\u00e8re de reproduction, interdite au public afin que les couples d&#8217;oiseaux reproducteurs soient dans des conditions les plus naturelles possibles.<br>\nLe site est \u00e9quip\u00e9 d&#8217;un incubateur et d&#8217;une nurserie pour prendre le relais au cas o\u00f9 l&#8217;\u00e9closion ou la croissance ne pourraient pas se faire dans des conditions optimales.\n\t\t\t\t<img decoding=\"async\" loading=\"lazy\" src=\"https:\/\/aigles-saintebaume.fr\/index.html\/wp-content\/uploads\/2019\/11\/IMG_1993-scaled.jpg\" alt=\"IMG_1993\" itemprop=\"image\" height=\"1707\" width=\"2560\" title=\"IMG_1993\" onerror=\"this.style.display='none'\">\n\t\t\t\t<img decoding=\"async\" loading=\"lazy\" src=\"https:\/\/aigles-saintebaume.fr\/index.html\/wp-content\/uploads\/2019\/11\/IMG_1623-scaled.jpg\" alt=\"IMG_1623\" itemprop=\"image\" height=\"1707\" width=\"2560\" title=\"IMG_1623\" onerror=\"this.style.display='none'\">\n\t\t\t\t<img decoding=\"async\" loading=\"lazy\" src=\"https:\/\/aigles-saintebaume.fr\/index.html\/wp-content\/uploads\/2019\/11\/IMG_2174-scaled.jpg\" alt=\"IMG_2174\" itemprop=\"image\" height=\"1707\" width=\"2560\" title=\"IMG_2174\" onerror=\"this.style.display='none'\">\n\t\t\t\t<img decoding=\"async\" loading=\"lazy\" src=\"https:\/\/aigles-saintebaume.fr\/index.html\/wp-content\/uploads\/2019\/11\/IMG_2571-scaled.jpg\" alt=\"IMG_2571\" itemprop=\"image\" height=\"1707\" width=\"2560\" title=\"IMG_2571\" onerror=\"this.style.display='none'\">\n\t\t\t\t<img decoding=\"async\" loading=\"lazy\" src=\"https:\/\/aigles-saintebaume.fr\/index.html\/wp-content\/uploads\/2019\/11\/IMG_1941-scaled.jpg\" alt=\"IMG_1941\" itemprop=\"image\" height=\"1707\" width=\"2560\" title=\"IMG_1941\" onerror=\"this.style.display='none'\">\n\t\t\t\t<img decoding=\"async\" loading=\"lazy\" src=\"https:\/\/aigles-saintebaume.fr\/index.html\/wp-content\/uploads\/2019\/11\/IMG_2341-scaled.jpg\" alt=\"IMG_2341\" itemprop=\"image\" height=\"1707\" width=\"2560\" title=\"IMG_2341\" onerror=\"this.style.display='none'\">\n\t\t\t\t<img decoding=\"async\" loading=\"lazy\" src=\"https:\/\/aigles-saintebaume.fr\/index.html\/wp-content\/uploads\/2019\/11\/IMG_2054-scaled.jpg\" alt=\"IMG_2054\" itemprop=\"image\" height=\"1707\" width=\"2560\" title=\"IMG_2054\" onerror=\"this.style.display='none'\">\n\t\t\t\t<img decoding=\"async\" loading=\"lazy\" src=\"https:\/\/aigles-saintebaume.fr\/index.html\/wp-content\/uploads\/2019\/11\/IMG_2431-scaled.jpg\" alt=\"IMG_2431\" itemprop=\"image\" height=\"1707\" width=\"2560\" title=\"IMG_2431\" onerror=\"this.style.display='none'\">\n\t\t\t\t<img decoding=\"async\" loading=\"lazy\" src=\"https:\/\/aigles-saintebaume.fr\/index.html\/wp-content\/uploads\/2019\/11\/IMG_2006-scaled.jpg\" alt=\"IMG_2006\" itemprop=\"image\" height=\"1707\" width=\"2560\" title=\"IMG_2006\" onerror=\"this.style.display='none'\">\n\t\t\t\t<img decoding=\"async\" loading=\"lazy\" src=\"https:\/\/aigles-saintebaume.fr\/index.html\/wp-content\/uploads\/2019\/11\/IMG_2311-scaled.jpg\" alt=\"IMG_2311\" itemprop=\"image\" height=\"1707\" width=\"2560\" title=\"IMG_2311\" onerror=\"this.style.display='none'\">\n\t\t\t\t<img decoding=\"async\" loading=\"lazy\" src=\"https:\/\/aigles-saintebaume.fr\/index.html\/wp-content\/uploads\/2019\/11\/IMG_2037-scaled.jpg\" alt=\"IMG_2037\" itemprop=\"image\" height=\"1707\" width=\"2560\" title=\"IMG_2037\" onerror=\"this.style.display='none'\">\n\t\t\t\t<img decoding=\"async\" loading=\"lazy\" src=\"https:\/\/aigles-saintebaume.fr\/index.html\/wp-content\/uploads\/2019\/11\/IMG_2103-scaled.jpg\" alt=\"IMG_2103\" itemprop=\"image\" height=\"1707\" width=\"2560\" title=\"IMG_2103\" onerror=\"this.style.display='none'\">\n\t\t\t\t<img decoding=\"async\" loading=\"lazy\" src=\"https:\/\/aigles-saintebaume.fr\/index.html\/wp-content\/uploads\/2019\/11\/IMG_1568-scaled.jpg\" alt=\"IMG_1568\" itemprop=\"image\" height=\"1707\" width=\"2560\" title=\"IMG_1568\" onerror=\"this.style.display='none'\">\n\t\t\t\t<img decoding=\"async\" loading=\"lazy\" src=\"https:\/\/aigles-saintebaume.fr\/index.html\/wp-content\/uploads\/2019\/11\/IMG_2266-scaled.jpg\" alt=\"IMG_2266\" itemprop=\"image\" height=\"1707\" width=\"2560\" title=\"IMG_2266\" onerror=\"this.style.display='none'\">\n\t\t\t\t<img decoding=\"async\" loading=\"lazy\" src=\"https:\/\/aigles-saintebaume.fr\/index.html\/wp-content\/uploads\/2019\/11\/IMG_2034-scaled.jpg\" alt=\"IMG_2034\" itemprop=\"image\" height=\"1707\" width=\"2560\" title=\"IMG_2034\" onerror=\"this.style.display='none'\">\n<!-- \/wp:fl-builder\/layout --><\/div>\n\t\t\t\t<\/div>\n\t\t\t\t<\/div>\n\t\t\t\t\t\t<\/div>\n\t\t\t<\/div>\n\t\t<\/div>\n\t\t\t\t\t\t<\/div>\n\t\t\t<\/div>\n\t\t<\/section>\n\t\t\t\t\t\t<\/div>\n\t\t\t<\/div>\n\t\t<\/div>\n\t\t","protected":false},"excerpt":{"rendered":"<p>La fauconnerie les Aigles de la Sainte Baume vous accueille pour d\u00e9couvrir et en apprendre plus sur les rapaces. &nbsp; Ouvert en visite non guid\u00e9e du mardi au dimanche de&hellip; <br \/> <a class=\"button small blue\" href=\"https:\/\/aigles-saintebaume.fr\/index.html\/\">Lire la suite<\/a><\/p>\n","protected":false},"author":1,"featured_media":0,"parent":0,"menu_order":0,"comment_status":"closed","ping_status":"closed","template":"","meta":[],"_links":{"self":[{"href":"https:\/\/aigles-saintebaume.fr\/index.html\/wp-json\/wp\/v2\/pages\/59"}],"collection":[{"href":"https:\/\/aigles-saintebaume.fr\/index.html\/wp-json\/wp\/v2\/pages"}],"about":[{"href":"https:\/\/aigles-saintebaume.fr\/index.html\/wp-json\/wp\/v2\/types\/page"}],"author":[{"embeddable":true,"href":"https:\/\/aigles-saintebaume.fr\/index.html\/wp-json\/wp\/v2\/users\/1"}],"replies":[{"embeddable":true,"href":"https:\/\/aigles-saintebaume.fr\/index.html\/wp-json\/wp\/v2\/comments?post=59"}],"version-history":[{"count":113,"href":"https:\/\/aigles-saintebaume.fr\/index.html\/wp-json\/wp\/v2\/pages\/59\/revisions"}],"predecessor-version":[{"id":545,"href":"https:\/\/aigles-saintebaume.fr\/index.html\/wp-json\/wp\/v2\/pages\/59\/revisions\/545"}],"wp:attachment":[{"href":"https:\/\/aigles-saintebaume.fr\/index.html\/wp-json\/wp\/v2\/media?parent=59"}],"curies":[{"name":"wp","href":"https:\/\/api.w.org\/{rel}","templated":true}]}}